{"id":148,"date":"2019-01-02T18:24:31","date_gmt":"2019-01-02T17:24:31","guid":{"rendered":"http:\/\/www.sklep.surdushistory.org.pl\/?page_id=148"},"modified":"2019-12-07T21:58:42","modified_gmt":"2019-12-07T20:58:42","slug":"dostawa","status":"publish","type":"page","link":"https:\/\/www.surdushistory.org.pl\/sklep\/index.php\/dostawa\/","title":{"rendered":"Dostawa"},"content":{"rendered":"<p>Realizacj\u0119 rozpoczynamy po zaksi\u0119gowaniu p\u0142atno\u015bci. Czas przygotowania zam\u00f3wienia wynosi od 2 do 8 dni roboczych,\u00a0w zale\u017cno\u015bci od wybranej formy dostawy:<\/p>\n<table class=\"nobackground\">\n<tbody>\n<tr>\n<td><strong>Odbi\u00f3r osobisty <\/strong>(tylko Warszawa, Krak\u00f3w)<\/td>\n<td>\u00a0do uzgodnienia w emailu<\/td>\n<\/tr>\n<tr>\n<td><strong>Przesy\u0142ka pocztowa <\/strong>(2-7 dni)<\/td>\n<td>od 4,30 z\u0142<\/td>\n<\/tr>\n<tr>\n<td><strong>Paczkomat<\/strong>\u00a0(2-5 dni)<\/td>\n<td>od 13,99 z\u0142<\/td>\n<\/tr>\n<\/tbody>\n<\/table>\n\n\n<p><\/p>\n","protected":false},"excerpt":{"rendered":"<p>Realizacj\u0119 rozpoczynamy po zaksi\u0119gowaniu p\u0142atno\u015bci. Czas przygotowania zam\u00f3wienia wynosi od 2 do 8 dni roboczych,\u00a0w zale\u017cno\u015bci od wybranej formy dostawy: Odbi\u00f3r osobisty (tylko Warszawa, Krak\u00f3w) \u00a0do uzgodnienia w emailu Przesy\u0142ka pocztowa (2-7 dni) od 4,30 z\u0142 Paczkomat\u00a0(2-5 dni) od 13,99 z\u0142<\/p>\n","protected":false},"author":1,"featured_media":0,"parent":0,"menu_order":0,"comment_status":"closed","ping_status":"closed","template":"","meta":{"footnotes":""},"_links":{"self":[{"href":"https:\/\/www.surdushistory.org.pl\/sklep\/index.php\/wp-json\/wp\/v2\/pages\/148"}],"collection":[{"href":"https:\/\/www.surdushistory.org.pl\/sklep\/index.php\/wp-json\/wp\/v2\/pages"}],"about":[{"href":"https:\/\/www.surdushistory.org.pl\/sklep\/index.php\/wp-json\/wp\/v2\/types\/page"}],"author":[{"embeddable":true,"href":"https:\/\/www.surdushistory.org.pl\/sklep\/index.php\/wp-json\/wp\/v2\/users\/1"}],"replies":[{"embeddable":true,"href":"https:\/\/www.surdushistory.org.pl\/sklep\/index.php\/wp-json\/wp\/v2\/comments?post=148"}],"version-history":[{"count":2,"href":"https:\/\/www.surdushistory.org.pl\/sklep\/index.php\/wp-json\/wp\/v2\/pages\/148\/revisions"}],"predecessor-version":[{"id":291,"href":"https:\/\/www.surdushistory.org.pl\/sklep\/index.php\/wp-json\/wp\/v2\/pages\/148\/revisions\/291"}],"wp:attachment":[{"href":"https:\/\/www.surdushistory.org.pl\/sklep\/index.php\/wp-json\/wp\/v2\/media?parent=148"}],"curies":[{"name":"wp","href":"https:\/\/api.w.org\/{rel}","templated":true}]}}