{"id":150,"date":"2019-01-02T18:24:50","date_gmt":"2019-01-02T17:24:50","guid":{"rendered":"http:\/\/www.sklep.surdushistory.org.pl\/?page_id=150"},"modified":"2019-12-07T22:11:09","modified_gmt":"2019-12-07T21:11:09","slug":"platnosc","status":"publish","type":"page","link":"https:\/\/www.surdushistory.org.pl\/sklep\/index.php\/platnosc\/","title":{"rendered":"P\u0142atno\u015b\u0107"},"content":{"rendered":"<p>&#8211; przelewem bankowym<\/p>\n","protected":false},"excerpt":{"rendered":"<p>&#8211; przelewem bankowym<\/p>\n","protected":false},"author":1,"featured_media":0,"parent":0,"menu_order":0,"comment_status":"closed","ping_status":"closed","template":"","meta":{"footnotes":""},"_links":{"self":[{"href":"https:\/\/www.surdushistory.org.pl\/sklep\/index.php\/wp-json\/wp\/v2\/pages\/150"}],"collection":[{"href":"https:\/\/www.surdushistory.org.pl\/sklep\/index.php\/wp-json\/wp\/v2\/pages"}],"about":[{"href":"https:\/\/www.surdushistory.org.pl\/sklep\/index.php\/wp-json\/wp\/v2\/types\/page"}],"author":[{"embeddable":true,"href":"https:\/\/www.surdushistory.org.pl\/sklep\/index.php\/wp-json\/wp\/v2\/users\/1"}],"replies":[{"embeddable":true,"href":"https:\/\/www.surdushistory.org.pl\/sklep\/index.php\/wp-json\/wp\/v2\/comments?post=150"}],"version-history":[{"count":3,"href":"https:\/\/www.surdushistory.org.pl\/sklep\/index.php\/wp-json\/wp\/v2\/pages\/150\/revisions"}],"predecessor-version":[{"id":292,"href":"https:\/\/www.surdushistory.org.pl\/sklep\/index.php\/wp-json\/wp\/v2\/pages\/150\/revisions\/292"}],"wp:attachment":[{"href":"https:\/\/www.surdushistory.org.pl\/sklep\/index.php\/wp-json\/wp\/v2\/media?parent=150"}],"curies":[{"name":"wp","href":"https:\/\/api.w.org\/{rel}","templated":true}]}}